{"id":1379,"date":"2014-03-23T14:39:08","date_gmt":"2014-03-23T18:39:08","guid":{"rendered":"http:\/\/lush.irontemplates.com\/hipster?page_id=1379"},"modified":"2023-04-27T15:41:35","modified_gmt":"2023-04-27T15:41:35","slug":"events-with-header-2","status":"publish","type":"page","link":"https:\/\/jazzemmonserrate.pt\/edicoes\/concertos\/events-with-header-2\/","title":{"rendered":"Pr\u00f3ximos eventos"},"content":{"rendered":"<section class=\"wpb-content-wrapper\"><p>[vc_row iron_row_type=&#8221;full_width&#8221; iron_remove_padding_medium=&#8221;&#8221; iron_remove_padding_small=&#8221;&#8221; iron_overlay_pattern=&#8221;&#8221; iron_parallax=&#8221;&#8221; iron_bg_video=&#8221;&#8221; iron_bg_repeat=&#8221;no-repeat&#8221; iron_color_opacity=&#8221;70&#8243; iron_text_scheme=&#8221;darker-overlay&#8221; iron_padding_top=&#8221;100&#8243; iron_padding_bottom=&#8221;150&#8243; css=&#8221;.vc_custom_1414101791736{padding-top: 150px !important;padding-bottom: 150px !important;background-image: url(https:\/\/jazzemmonserrate.pt\/edicoes\/wp-content\/uploads\/2014\/03\/picjumbo_IMG_9542-411.jpg?id=1471) !important;}&#8221;][vc_column][vc_row_inner][vc_column_inner]\n        <div class=\"widget iron_widget_divider \">\n    \t<span class=\"heading-t\"><\/span>\n\t    <h1 class=\"widgettitle\">Pr\u00f3ximos eventos<\/h1>\n\t    <span class=\"heading-b\"><\/span>\n    <\/div>\n        \n    [\/vc_column_inner][\/vc_row_inner][\/vc_column][\/vc_row][vc_row iron_row_type=&#8221;in_container&#8221; iron_remove_padding_medium=&#8221;&#8221; iron_remove_padding_small=&#8221;&#8221; iron_overlay_pattern=&#8221;&#8221; iron_parallax=&#8221;&#8221; iron_bg_video=&#8221;&#8221; css=&#8221;.vc_custom_1414101819075{margin-top: 100px !important;margin-bottom: 100px !important;}&#8221;][vc_column]<div class=\"widget iron_widget_events \">\t\t\t\t<ul id=\"post-list\" class=\"concerts-list\">\r\n\r\n\r\n\t\t\t\t\t<li class=\"nothing-found\">\r\n\t\t\t\t\tNo upcoming events scheduled yet. Stay tuned!\t\t\t\t\t<\/li>\r\n\r\n\t\t\t\t\r\n\t\t\t\t<li><\/li>\r\n\t\t\t\t<\/ul>\r\n\r\n<\/div>[\/vc_column][\/vc_row]<\/p>\n<\/section>","protected":false},"excerpt":{"rendered":"<p>[vc_row iron_row_type=&#8221;full_width&#8221; iron_remove_padding_medium=&#8221;&#8221; iron_remove_padding_small=&#8221;&#8221; iron_overlay_pattern=&#8221;&#8221; iron_parallax=&#8221;&#8221; iron_bg_video=&#8221;&#8221; iron_bg_repeat=&#8221;no-repeat&#8221; iron_color_opacity=&#8221;70&#8243; iron_text_scheme=&#8221;darker-overlay&#8221; iron_padding_top=&#8221;100&#8243; iron_padding_bottom=&#8221;150&#8243; css=&#8221;.vc_custom_1414101791736{padding-top: 150px !important;padding-bottom: 150px !important;background-image: url(https:\/\/jazzemmonserrate.pt\/edicoes\/wp-content\/uploads\/2014\/03\/picjumbo_IMG_9542-411.jpg?id=1471) !important;}&#8221;][vc_column][vc_row_inner][vc_column_inner][\/vc_column_inner][\/vc_row_inner][\/vc_column][\/vc_row][vc_row iron_row_type=&#8221;in_container&#8221; [&hellip;]<\/p>\n","protected":false},"author":1,"featured_media":0,"parent":7,"menu_order":3,"comment_status":"closed","ping_status":"closed","template":"","meta":{"_themeisle_gutenberg_block_has_review":false,"footnotes":""},"class_list":["post-1379","page","type-page","status-publish","hentry"],"yoast_head":"<!-- This site is optimized with the Yoast SEO plugin v27.4 - https:\/\/yoast.com\/product\/yoast-seo-wordpress\/ -->\n<title>Pr\u00f3ximos eventos - Jazz em Monserrate<\/title>\n<meta name=\"robots\" content=\"index, follow, max-snippet:-1, max-image-preview:large, max-video-preview:-1\" \/>\n<link rel=\"canonical\" href=\"https:\/\/jazzemmonserrate.pt\/edicoes\/concertos\/events-with-header-2\/\" \/>\n<meta property=\"og:locale\" content=\"pt_PT\" \/>\n<meta property=\"og:type\" content=\"article\" \/>\n<meta property=\"og:title\" content=\"Pr\u00f3ximos eventos - Jazz em Monserrate\" \/>\n<meta property=\"og:description\" content=\"[vc_row iron_row_type=&#8221;full_width&#8221; iron_remove_padding_medium=&#8221;&#8221; iron_remove_padding_small=&#8221;&#8221; iron_overlay_pattern=&#8221;&#8221; iron_parallax=&#8221;&#8221; iron_bg_video=&#8221;&#8221; iron_bg_repeat=&#8221;no-repeat&#8221; iron_color_opacity=&#8221;70&#8243; iron_text_scheme=&#8221;darker-overlay&#8221; iron_padding_top=&#8221;100&#8243; iron_padding_bottom=&#8221;150&#8243; css=&#8221;.vc_custom_1414101791736{padding-top: 150px !important;padding-bottom: 150px !important;background-image: url(https:\/\/jazzemmonserrate.pt\/edicoes\/wp-content\/uploads\/2014\/03\/picjumbo_IMG_9542-411.jpg?id=1471) !important;}&#8221;][vc_column][vc_row_inner][vc_column_inner][\/vc_column_inner][\/vc_row_inner][\/vc_column][\/vc_row][vc_row iron_row_type=&#8221;in_container&#8221; [&hellip;]\" \/>\n<meta property=\"og:url\" content=\"https:\/\/jazzemmonserrate.pt\/edicoes\/concertos\/events-with-header-2\/\" \/>\n<meta property=\"og:site_name\" content=\"Jazz em Monserrate\" \/>\n<meta property=\"article:publisher\" content=\"https:\/\/www.facebook.com\/parquesdesintra\" \/>\n<meta property=\"article:modified_time\" content=\"2023-04-27T15:41:35+00:00\" \/>\n<meta property=\"og:image\" content=\"https:\/\/jazzemmonserrate.pt\/edicoes\/wp-content\/uploads\/2024\/06\/Prancheta-1.png\" \/>\n\t<meta property=\"og:image:width\" content=\"1600\" \/>\n\t<meta property=\"og:image:height\" content=\"630\" \/>\n\t<meta property=\"og:image:type\" content=\"image\/png\" \/>\n<meta name=\"twitter:card\" content=\"summary_large_image\" \/>\n<meta name=\"twitter:site\" content=\"@parquesdesintra\" \/>\n<meta name=\"twitter:label1\" content=\"Tempo estimado de leitura\" \/>\n\t<meta name=\"twitter:data1\" content=\"1 minuto\" \/>\n<script type=\"application\/ld+json\" class=\"yoast-schema-graph\">{\"@context\":\"https:\\\/\\\/schema.org\",\"@graph\":[{\"@type\":\"WebPage\",\"@id\":\"https:\\\/\\\/jazzemmonserrate.pt\\\/edicoes\\\/concertos\\\/events-with-header-2\\\/\",\"url\":\"https:\\\/\\\/jazzemmonserrate.pt\\\/edicoes\\\/concertos\\\/events-with-header-2\\\/\",\"name\":\"Pr\u00f3ximos eventos - Jazz em Monserrate\",\"isPartOf\":{\"@id\":\"https:\\\/\\\/jazzemmonserrate.pt\\\/edicoes\\\/#website\"},\"datePublished\":\"2014-03-23T18:39:08+00:00\",\"dateModified\":\"2023-04-27T15:41:35+00:00\",\"breadcrumb\":{\"@id\":\"https:\\\/\\\/jazzemmonserrate.pt\\\/edicoes\\\/concertos\\\/events-with-header-2\\\/#breadcrumb\"},\"inLanguage\":\"pt-PT\",\"potentialAction\":[{\"@type\":\"ReadAction\",\"target\":[\"https:\\\/\\\/jazzemmonserrate.pt\\\/edicoes\\\/concertos\\\/events-with-header-2\\\/\"]}]},{\"@type\":\"BreadcrumbList\",\"@id\":\"https:\\\/\\\/jazzemmonserrate.pt\\\/edicoes\\\/concertos\\\/events-with-header-2\\\/#breadcrumb\",\"itemListElement\":[{\"@type\":\"ListItem\",\"position\":1,\"name\":\"In\u00edcio\",\"item\":\"https:\\\/\\\/jazzemmonserrate.pt\\\/edicoes\\\/\"},{\"@type\":\"ListItem\",\"position\":2,\"name\":\"Concertos\",\"item\":\"https:\\\/\\\/jazzemmonserrate.pt\\\/edicoes\\\/concertos\\\/\"},{\"@type\":\"ListItem\",\"position\":3,\"name\":\"Pr\u00f3ximos eventos\"}]},{\"@type\":\"WebSite\",\"@id\":\"https:\\\/\\\/jazzemmonserrate.pt\\\/edicoes\\\/#website\",\"url\":\"https:\\\/\\\/jazzemmonserrate.pt\\\/edicoes\\\/\",\"name\":\"Jazz em Monserrate\",\"description\":\"Nesta terceira edi\u00e7\u00e3o, abre-se ao mundo e conta com artistas nacionais e internacionais, numa conflu\u00eancia de experi\u00eancias e culturas que s\u00e3o reflexo, quer da fus\u00e3o de estilos arquitet\u00f3nicos do pal\u00e1cio que preside ao grande relvado, quer do ex\u00f3tico jardim que acolhe esta experi\u00eancia.\",\"publisher\":{\"@id\":\"https:\\\/\\\/jazzemmonserrate.pt\\\/edicoes\\\/#organization\"},\"alternateName\":\"Jazz em Monserrate 2024\",\"potentialAction\":[{\"@type\":\"SearchAction\",\"target\":{\"@type\":\"EntryPoint\",\"urlTemplate\":\"https:\\\/\\\/jazzemmonserrate.pt\\\/edicoes\\\/?s={search_term_string}\"},\"query-input\":{\"@type\":\"PropertyValueSpecification\",\"valueRequired\":true,\"valueName\":\"search_term_string\"}}],\"inLanguage\":\"pt-PT\"},{\"@type\":\"Organization\",\"@id\":\"https:\\\/\\\/jazzemmonserrate.pt\\\/edicoes\\\/#organization\",\"name\":\"Parques de Sintra - Monte da Lua\",\"alternateName\":\"PSML\",\"url\":\"https:\\\/\\\/jazzemmonserrate.pt\\\/edicoes\\\/\",\"logo\":{\"@type\":\"ImageObject\",\"inLanguage\":\"pt-PT\",\"@id\":\"https:\\\/\\\/jazzemmonserrate.pt\\\/edicoes\\\/#\\\/schema\\\/logo\\\/image\\\/\",\"url\":\"https:\\\/\\\/jazzemmonserrate.pt\\\/edicoes\\\/wp-content\\\/uploads\\\/2024\\\/05\\\/cropped-Prancheta-1-5.png\",\"contentUrl\":\"https:\\\/\\\/jazzemmonserrate.pt\\\/edicoes\\\/wp-content\\\/uploads\\\/2024\\\/05\\\/cropped-Prancheta-1-5.png\",\"width\":512,\"height\":512,\"caption\":\"Parques de Sintra - Monte da Lua\"},\"image\":{\"@id\":\"https:\\\/\\\/jazzemmonserrate.pt\\\/edicoes\\\/#\\\/schema\\\/logo\\\/image\\\/\"},\"sameAs\":[\"https:\\\/\\\/www.facebook.com\\\/parquesdesintra\",\"https:\\\/\\\/x.com\\\/parquesdesintra\"]}]}<\/script>\n<!-- \/ Yoast SEO plugin. -->","yoast_head_json":{"title":"Pr\u00f3ximos eventos - Jazz em Monserrate","robots":{"index":"index","follow":"follow","max-snippet":"max-snippet:-1","max-image-preview":"max-image-preview:large","max-video-preview":"max-video-preview:-1"},"canonical":"https:\/\/jazzemmonserrate.pt\/edicoes\/concertos\/events-with-header-2\/","og_locale":"pt_PT","og_type":"article","og_title":"Pr\u00f3ximos eventos - Jazz em Monserrate","og_description":"[vc_row iron_row_type=&#8221;full_width&#8221; iron_remove_padding_medium=&#8221;&#8221; iron_remove_padding_small=&#8221;&#8221; iron_overlay_pattern=&#8221;&#8221; iron_parallax=&#8221;&#8221; iron_bg_video=&#8221;&#8221; iron_bg_repeat=&#8221;no-repeat&#8221; iron_color_opacity=&#8221;70&#8243; iron_text_scheme=&#8221;darker-overlay&#8221; iron_padding_top=&#8221;100&#8243; iron_padding_bottom=&#8221;150&#8243; css=&#8221;.vc_custom_1414101791736{padding-top: 150px !important;padding-bottom: 150px !important;background-image: url(https:\/\/jazzemmonserrate.pt\/edicoes\/wp-content\/uploads\/2014\/03\/picjumbo_IMG_9542-411.jpg?id=1471) !important;}&#8221;][vc_column][vc_row_inner][vc_column_inner][\/vc_column_inner][\/vc_row_inner][\/vc_column][\/vc_row][vc_row iron_row_type=&#8221;in_container&#8221; [&hellip;]","og_url":"https:\/\/jazzemmonserrate.pt\/edicoes\/concertos\/events-with-header-2\/","og_site_name":"Jazz em Monserrate","article_publisher":"https:\/\/www.facebook.com\/parquesdesintra","article_modified_time":"2023-04-27T15:41:35+00:00","og_image":[{"width":1600,"height":630,"url":"https:\/\/jazzemmonserrate.pt\/edicoes\/wp-content\/uploads\/2024\/06\/Prancheta-1.png","type":"image\/png"}],"twitter_card":"summary_large_image","twitter_site":"@parquesdesintra","twitter_misc":{"Tempo estimado de leitura":"1 minuto"},"schema":{"@context":"https:\/\/schema.org","@graph":[{"@type":"WebPage","@id":"https:\/\/jazzemmonserrate.pt\/edicoes\/concertos\/events-with-header-2\/","url":"https:\/\/jazzemmonserrate.pt\/edicoes\/concertos\/events-with-header-2\/","name":"Pr\u00f3ximos eventos - Jazz em Monserrate","isPartOf":{"@id":"https:\/\/jazzemmonserrate.pt\/edicoes\/#website"},"datePublished":"2014-03-23T18:39:08+00:00","dateModified":"2023-04-27T15:41:35+00:00","breadcrumb":{"@id":"https:\/\/jazzemmonserrate.pt\/edicoes\/concertos\/events-with-header-2\/#breadcrumb"},"inLanguage":"pt-PT","potentialAction":[{"@type":"ReadAction","target":["https:\/\/jazzemmonserrate.pt\/edicoes\/concertos\/events-with-header-2\/"]}]},{"@type":"BreadcrumbList","@id":"https:\/\/jazzemmonserrate.pt\/edicoes\/concertos\/events-with-header-2\/#breadcrumb","itemListElement":[{"@type":"ListItem","position":1,"name":"In\u00edcio","item":"https:\/\/jazzemmonserrate.pt\/edicoes\/"},{"@type":"ListItem","position":2,"name":"Concertos","item":"https:\/\/jazzemmonserrate.pt\/edicoes\/concertos\/"},{"@type":"ListItem","position":3,"name":"Pr\u00f3ximos eventos"}]},{"@type":"WebSite","@id":"https:\/\/jazzemmonserrate.pt\/edicoes\/#website","url":"https:\/\/jazzemmonserrate.pt\/edicoes\/","name":"Jazz em Monserrate","description":"Nesta terceira edi\u00e7\u00e3o, abre-se ao mundo e conta com artistas nacionais e internacionais, numa conflu\u00eancia de experi\u00eancias e culturas que s\u00e3o reflexo, quer da fus\u00e3o de estilos arquitet\u00f3nicos do pal\u00e1cio que preside ao grande relvado, quer do ex\u00f3tico jardim que acolhe esta experi\u00eancia.","publisher":{"@id":"https:\/\/jazzemmonserrate.pt\/edicoes\/#organization"},"alternateName":"Jazz em Monserrate 2024","potentialAction":[{"@type":"SearchAction","target":{"@type":"EntryPoint","urlTemplate":"https:\/\/jazzemmonserrate.pt\/edicoes\/?s={search_term_string}"},"query-input":{"@type":"PropertyValueSpecification","valueRequired":true,"valueName":"search_term_string"}}],"inLanguage":"pt-PT"},{"@type":"Organization","@id":"https:\/\/jazzemmonserrate.pt\/edicoes\/#organization","name":"Parques de Sintra - Monte da Lua","alternateName":"PSML","url":"https:\/\/jazzemmonserrate.pt\/edicoes\/","logo":{"@type":"ImageObject","inLanguage":"pt-PT","@id":"https:\/\/jazzemmonserrate.pt\/edicoes\/#\/schema\/logo\/image\/","url":"https:\/\/jazzemmonserrate.pt\/edicoes\/wp-content\/uploads\/2024\/05\/cropped-Prancheta-1-5.png","contentUrl":"https:\/\/jazzemmonserrate.pt\/edicoes\/wp-content\/uploads\/2024\/05\/cropped-Prancheta-1-5.png","width":512,"height":512,"caption":"Parques de Sintra - Monte da Lua"},"image":{"@id":"https:\/\/jazzemmonserrate.pt\/edicoes\/#\/schema\/logo\/image\/"},"sameAs":["https:\/\/www.facebook.com\/parquesdesintra","https:\/\/x.com\/parquesdesintra"]}]}},"_links":{"self":[{"href":"https:\/\/jazzemmonserrate.pt\/edicoes\/wp-json\/wp\/v2\/pages\/1379","targetHints":{"allow":["GET"]}}],"collection":[{"href":"https:\/\/jazzemmonserrate.pt\/edicoes\/wp-json\/wp\/v2\/pages"}],"about":[{"href":"https:\/\/jazzemmonserrate.pt\/edicoes\/wp-json\/wp\/v2\/types\/page"}],"author":[{"embeddable":true,"href":"https:\/\/jazzemmonserrate.pt\/edicoes\/wp-json\/wp\/v2\/users\/1"}],"replies":[{"embeddable":true,"href":"https:\/\/jazzemmonserrate.pt\/edicoes\/wp-json\/wp\/v2\/comments?post=1379"}],"version-history":[{"count":4,"href":"https:\/\/jazzemmonserrate.pt\/edicoes\/wp-json\/wp\/v2\/pages\/1379\/revisions"}],"predecessor-version":[{"id":2311,"href":"https:\/\/jazzemmonserrate.pt\/edicoes\/wp-json\/wp\/v2\/pages\/1379\/revisions\/2311"}],"up":[{"embeddable":true,"href":"https:\/\/jazzemmonserrate.pt\/edicoes\/wp-json\/wp\/v2\/pages\/7"}],"wp:attachment":[{"href":"https:\/\/jazzemmonserrate.pt\/edicoes\/wp-json\/wp\/v2\/media?parent=1379"}],"curies":[{"name":"wp","href":"https:\/\/api.w.org\/{rel}","templated":true}]}}