{"id":737,"date":"2014-03-07T22:12:32","date_gmt":"2014-03-07T22:12:32","guid":{"rendered":"http:\/\/lush.irontemplates.com\/hipster?page_id=737"},"modified":"2023-04-28T10:12:18","modified_gmt":"2023-04-28T10:12:18","slug":"concertos-realizados","status":"publish","type":"page","link":"https:\/\/jazzemmonserrate.pt\/edicoes\/concertos\/concertos-realizados\/","title":{"rendered":"Concertos Realizados"},"content":{"rendered":"","protected":false},"excerpt":{"rendered":"","protected":false},"author":1,"featured_media":0,"parent":7,"menu_order":2,"comment_status":"open","ping_status":"closed","template":"archive-event.php","meta":{"_themeisle_gutenberg_block_has_review":false,"footnotes":""},"class_list":["post-737","page","type-page","status-publish","hentry"],"yoast_head":"<!-- This site is optimized with the Yoast SEO plugin v27.4 - https:\/\/yoast.com\/product\/yoast-seo-wordpress\/ -->\n<title>Concertos Realizados - Jazz em Monserrate<\/title>\n<meta name=\"robots\" content=\"index, follow, max-snippet:-1, max-image-preview:large, max-video-preview:-1\" \/>\n<link rel=\"canonical\" href=\"https:\/\/jazzemmonserrate.pt\/edicoes\/concertos\/concertos-realizados\/\" \/>\n<meta property=\"og:locale\" content=\"pt_PT\" \/>\n<meta property=\"og:type\" content=\"article\" \/>\n<meta property=\"og:title\" content=\"Concertos Realizados - Jazz em Monserrate\" \/>\n<meta property=\"og:url\" content=\"https:\/\/jazzemmonserrate.pt\/edicoes\/concertos\/concertos-realizados\/\" \/>\n<meta property=\"og:site_name\" content=\"Jazz em Monserrate\" \/>\n<meta property=\"article:publisher\" content=\"https:\/\/www.facebook.com\/parquesdesintra\" \/>\n<meta property=\"article:modified_time\" content=\"2023-04-28T10:12:18+00:00\" \/>\n<meta property=\"og:image\" content=\"https:\/\/jazzemmonserrate.pt\/edicoes\/wp-content\/uploads\/2024\/06\/Prancheta-1.png\" \/>\n\t<meta property=\"og:image:width\" content=\"1600\" \/>\n\t<meta property=\"og:image:height\" content=\"630\" \/>\n\t<meta property=\"og:image:type\" content=\"image\/png\" \/>\n<meta name=\"twitter:card\" content=\"summary_large_image\" \/>\n<meta name=\"twitter:site\" content=\"@parquesdesintra\" \/>\n<script type=\"application\/ld+json\" class=\"yoast-schema-graph\">{\"@context\":\"https:\\\/\\\/schema.org\",\"@graph\":[{\"@type\":\"WebPage\",\"@id\":\"https:\\\/\\\/jazzemmonserrate.pt\\\/edicoes\\\/concertos\\\/concertos-realizados\\\/\",\"url\":\"https:\\\/\\\/jazzemmonserrate.pt\\\/edicoes\\\/concertos\\\/concertos-realizados\\\/\",\"name\":\"Concertos Realizados - Jazz em Monserrate\",\"isPartOf\":{\"@id\":\"https:\\\/\\\/jazzemmonserrate.pt\\\/edicoes\\\/#website\"},\"datePublished\":\"2014-03-07T22:12:32+00:00\",\"dateModified\":\"2023-04-28T10:12:18+00:00\",\"breadcrumb\":{\"@id\":\"https:\\\/\\\/jazzemmonserrate.pt\\\/edicoes\\\/concertos\\\/concertos-realizados\\\/#breadcrumb\"},\"inLanguage\":\"pt-PT\",\"potentialAction\":[{\"@type\":\"ReadAction\",\"target\":[\"https:\\\/\\\/jazzemmonserrate.pt\\\/edicoes\\\/concertos\\\/concertos-realizados\\\/\"]}]},{\"@type\":\"BreadcrumbList\",\"@id\":\"https:\\\/\\\/jazzemmonserrate.pt\\\/edicoes\\\/concertos\\\/concertos-realizados\\\/#breadcrumb\",\"itemListElement\":[{\"@type\":\"ListItem\",\"position\":1,\"name\":\"In\u00edcio\",\"item\":\"https:\\\/\\\/jazzemmonserrate.pt\\\/edicoes\\\/\"},{\"@type\":\"ListItem\",\"position\":2,\"name\":\"Concertos\",\"item\":\"https:\\\/\\\/jazzemmonserrate.pt\\\/edicoes\\\/concertos\\\/\"},{\"@type\":\"ListItem\",\"position\":3,\"name\":\"Concertos Realizados\"}]},{\"@type\":\"WebSite\",\"@id\":\"https:\\\/\\\/jazzemmonserrate.pt\\\/edicoes\\\/#website\",\"url\":\"https:\\\/\\\/jazzemmonserrate.pt\\\/edicoes\\\/\",\"name\":\"Jazz em Monserrate\",\"description\":\"Nesta terceira edi\u00e7\u00e3o, abre-se ao mundo e conta com artistas nacionais e internacionais, numa conflu\u00eancia de experi\u00eancias e culturas que s\u00e3o reflexo, quer da fus\u00e3o de estilos arquitet\u00f3nicos do pal\u00e1cio que preside ao grande relvado, quer do ex\u00f3tico jardim que acolhe esta experi\u00eancia.\",\"publisher\":{\"@id\":\"https:\\\/\\\/jazzemmonserrate.pt\\\/edicoes\\\/#organization\"},\"alternateName\":\"Jazz em Monserrate 2024\",\"potentialAction\":[{\"@type\":\"SearchAction\",\"target\":{\"@type\":\"EntryPoint\",\"urlTemplate\":\"https:\\\/\\\/jazzemmonserrate.pt\\\/edicoes\\\/?s={search_term_string}\"},\"query-input\":{\"@type\":\"PropertyValueSpecification\",\"valueRequired\":true,\"valueName\":\"search_term_string\"}}],\"inLanguage\":\"pt-PT\"},{\"@type\":\"Organization\",\"@id\":\"https:\\\/\\\/jazzemmonserrate.pt\\\/edicoes\\\/#organization\",\"name\":\"Parques de Sintra - Monte da Lua\",\"alternateName\":\"PSML\",\"url\":\"https:\\\/\\\/jazzemmonserrate.pt\\\/edicoes\\\/\",\"logo\":{\"@type\":\"ImageObject\",\"inLanguage\":\"pt-PT\",\"@id\":\"https:\\\/\\\/jazzemmonserrate.pt\\\/edicoes\\\/#\\\/schema\\\/logo\\\/image\\\/\",\"url\":\"https:\\\/\\\/jazzemmonserrate.pt\\\/edicoes\\\/wp-content\\\/uploads\\\/2024\\\/05\\\/cropped-Prancheta-1-5.png\",\"contentUrl\":\"https:\\\/\\\/jazzemmonserrate.pt\\\/edicoes\\\/wp-content\\\/uploads\\\/2024\\\/05\\\/cropped-Prancheta-1-5.png\",\"width\":512,\"height\":512,\"caption\":\"Parques de Sintra - Monte da Lua\"},\"image\":{\"@id\":\"https:\\\/\\\/jazzemmonserrate.pt\\\/edicoes\\\/#\\\/schema\\\/logo\\\/image\\\/\"},\"sameAs\":[\"https:\\\/\\\/www.facebook.com\\\/parquesdesintra\",\"https:\\\/\\\/x.com\\\/parquesdesintra\"]}]}<\/script>\n<!-- \/ Yoast SEO plugin. -->","yoast_head_json":{"title":"Concertos Realizados - Jazz em Monserrate","robots":{"index":"index","follow":"follow","max-snippet":"max-snippet:-1","max-image-preview":"max-image-preview:large","max-video-preview":"max-video-preview:-1"},"canonical":"https:\/\/jazzemmonserrate.pt\/edicoes\/concertos\/concertos-realizados\/","og_locale":"pt_PT","og_type":"article","og_title":"Concertos Realizados - Jazz em Monserrate","og_url":"https:\/\/jazzemmonserrate.pt\/edicoes\/concertos\/concertos-realizados\/","og_site_name":"Jazz em Monserrate","article_publisher":"https:\/\/www.facebook.com\/parquesdesintra","article_modified_time":"2023-04-28T10:12:18+00:00","og_image":[{"width":1600,"height":630,"url":"https:\/\/jazzemmonserrate.pt\/edicoes\/wp-content\/uploads\/2024\/06\/Prancheta-1.png","type":"image\/png"}],"twitter_card":"summary_large_image","twitter_site":"@parquesdesintra","schema":{"@context":"https:\/\/schema.org","@graph":[{"@type":"WebPage","@id":"https:\/\/jazzemmonserrate.pt\/edicoes\/concertos\/concertos-realizados\/","url":"https:\/\/jazzemmonserrate.pt\/edicoes\/concertos\/concertos-realizados\/","name":"Concertos Realizados - Jazz em Monserrate","isPartOf":{"@id":"https:\/\/jazzemmonserrate.pt\/edicoes\/#website"},"datePublished":"2014-03-07T22:12:32+00:00","dateModified":"2023-04-28T10:12:18+00:00","breadcrumb":{"@id":"https:\/\/jazzemmonserrate.pt\/edicoes\/concertos\/concertos-realizados\/#breadcrumb"},"inLanguage":"pt-PT","potentialAction":[{"@type":"ReadAction","target":["https:\/\/jazzemmonserrate.pt\/edicoes\/concertos\/concertos-realizados\/"]}]},{"@type":"BreadcrumbList","@id":"https:\/\/jazzemmonserrate.pt\/edicoes\/concertos\/concertos-realizados\/#breadcrumb","itemListElement":[{"@type":"ListItem","position":1,"name":"In\u00edcio","item":"https:\/\/jazzemmonserrate.pt\/edicoes\/"},{"@type":"ListItem","position":2,"name":"Concertos","item":"https:\/\/jazzemmonserrate.pt\/edicoes\/concertos\/"},{"@type":"ListItem","position":3,"name":"Concertos Realizados"}]},{"@type":"WebSite","@id":"https:\/\/jazzemmonserrate.pt\/edicoes\/#website","url":"https:\/\/jazzemmonserrate.pt\/edicoes\/","name":"Jazz em Monserrate","description":"Nesta terceira edi\u00e7\u00e3o, abre-se ao mundo e conta com artistas nacionais e internacionais, numa conflu\u00eancia de experi\u00eancias e culturas que s\u00e3o reflexo, quer da fus\u00e3o de estilos arquitet\u00f3nicos do pal\u00e1cio que preside ao grande relvado, quer do ex\u00f3tico jardim que acolhe esta experi\u00eancia.","publisher":{"@id":"https:\/\/jazzemmonserrate.pt\/edicoes\/#organization"},"alternateName":"Jazz em Monserrate 2024","potentialAction":[{"@type":"SearchAction","target":{"@type":"EntryPoint","urlTemplate":"https:\/\/jazzemmonserrate.pt\/edicoes\/?s={search_term_string}"},"query-input":{"@type":"PropertyValueSpecification","valueRequired":true,"valueName":"search_term_string"}}],"inLanguage":"pt-PT"},{"@type":"Organization","@id":"https:\/\/jazzemmonserrate.pt\/edicoes\/#organization","name":"Parques de Sintra - Monte da Lua","alternateName":"PSML","url":"https:\/\/jazzemmonserrate.pt\/edicoes\/","logo":{"@type":"ImageObject","inLanguage":"pt-PT","@id":"https:\/\/jazzemmonserrate.pt\/edicoes\/#\/schema\/logo\/image\/","url":"https:\/\/jazzemmonserrate.pt\/edicoes\/wp-content\/uploads\/2024\/05\/cropped-Prancheta-1-5.png","contentUrl":"https:\/\/jazzemmonserrate.pt\/edicoes\/wp-content\/uploads\/2024\/05\/cropped-Prancheta-1-5.png","width":512,"height":512,"caption":"Parques de Sintra - Monte da Lua"},"image":{"@id":"https:\/\/jazzemmonserrate.pt\/edicoes\/#\/schema\/logo\/image\/"},"sameAs":["https:\/\/www.facebook.com\/parquesdesintra","https:\/\/x.com\/parquesdesintra"]}]}},"_links":{"self":[{"href":"https:\/\/jazzemmonserrate.pt\/edicoes\/wp-json\/wp\/v2\/pages\/737","targetHints":{"allow":["GET"]}}],"collection":[{"href":"https:\/\/jazzemmonserrate.pt\/edicoes\/wp-json\/wp\/v2\/pages"}],"about":[{"href":"https:\/\/jazzemmonserrate.pt\/edicoes\/wp-json\/wp\/v2\/types\/page"}],"author":[{"embeddable":true,"href":"https:\/\/jazzemmonserrate.pt\/edicoes\/wp-json\/wp\/v2\/users\/1"}],"replies":[{"embeddable":true,"href":"https:\/\/jazzemmonserrate.pt\/edicoes\/wp-json\/wp\/v2\/comments?post=737"}],"version-history":[{"count":2,"href":"https:\/\/jazzemmonserrate.pt\/edicoes\/wp-json\/wp\/v2\/pages\/737\/revisions"}],"predecessor-version":[{"id":1794,"href":"https:\/\/jazzemmonserrate.pt\/edicoes\/wp-json\/wp\/v2\/pages\/737\/revisions\/1794"}],"up":[{"embeddable":true,"href":"https:\/\/jazzemmonserrate.pt\/edicoes\/wp-json\/wp\/v2\/pages\/7"}],"wp:attachment":[{"href":"https:\/\/jazzemmonserrate.pt\/edicoes\/wp-json\/wp\/v2\/media?parent=737"}],"curies":[{"name":"wp","href":"https:\/\/api.w.org\/{rel}","templated":true}]}}